

{"id":13068,"date":"2018-11-01T10:04:28","date_gmt":"2018-11-01T10:04:28","guid":{"rendered":"http:\/\/%20www.greenhatpeople.com\/contact\/"},"modified":"2019-11-13T09:45:37","modified_gmt":"2019-11-13T09:45:37","slug":"contact","status":"publish","type":"page","link":"https:\/\/www.greenhatpeople.com\/sv\/contact\/","title":{"rendered":"Contact"},"content":{"rendered":"<p>[vc_row full_width=&#8221;stretch_row&#8221;][vc_column]\n            <div class=\"hero  style-titles\">\n              <div class=\"pos-vc\">\n                <div class=\"container\">\n                  [vc_row_inner ftw_align_center_row=&#8221;true&#8221;][vc_column_inner width=&#8221;1\/2&#8243;][vc_column_text css=&#8221;.vc_custom_1569331333371{margin-bottom: 0px !important;}&#8221;]<\/p>\n<h1>Kontakta oss<\/h1>\n<p>[\/vc_column_text][\/vc_column_inner][vc_column_inner width=&#8221;1\/2&#8243;][vc_column_text]<\/p>\n<h3>Kontakta oss<\/h3>\n<p>[contact-form-7 404 \"Hittades inte\"][\/vc_column_text][\/vc_column_inner][\/vc_row_inner]\n                  <\/div>\n                <\/div>\n              <\/div>\n              <div class=\"background-image-holder\">\n                <img width=\"763\" height=\"575\" src=\"https:\/\/www.greenhatpeople.com\/wp-content\/uploads\/2019\/06\/Onboarding-Game-dark.png\" class=\"attachment-full size-full\" alt=\"\" loading=\"lazy\" srcset=\"https:\/\/www.greenhatpeople.com\/wp-content\/uploads\/2019\/06\/Onboarding-Game-dark.png 763w, https:\/\/www.greenhatpeople.com\/wp-content\/uploads\/2019\/06\/Onboarding-Game-dark-300x226.png 300w\" sizes=\"(max-width: 763px) 100vw, 763px\" \/>\n              <\/div>\n            <\/div>\n          [\/vc_column][\/vc_row][vc_section][vc_row el_class=&#8221;flex-contact-order&#8221;][vc_column]          <div class=\"vc_contact_offices\">\n                    <a data-id=\"london\" class=\"vc_contact_offices-post active\">\n                              <h3>London<\/h3>\n                <img width=\"1600\" height=\"1072\" src=\"https:\/\/www.greenhatpeople.com\/wp-content\/uploads\/2018\/11\/london.jpg\" class=\"attachment-full size-full wp-post-image\" alt=\"\" loading=\"lazy\" srcset=\"https:\/\/www.greenhatpeople.com\/wp-content\/uploads\/2018\/11\/london.jpg 1600w, https:\/\/www.greenhatpeople.com\/wp-content\/uploads\/2018\/11\/london-300x201.jpg 300w, https:\/\/www.greenhatpeople.com\/wp-content\/uploads\/2018\/11\/london-768x514.jpg 768w, https:\/\/www.greenhatpeople.com\/wp-content\/uploads\/2018\/11\/london-1024x686.jpg 1024w\" sizes=\"(max-width: 1600px) 100vw, 1600px\" \/>                          <\/a>\n                      <a data-id=\"stockholm\" class=\"vc_contact_offices-post\">\n                              <h3>Stockholm<\/h3>\n                <img width=\"1600\" height=\"1068\" src=\"https:\/\/www.greenhatpeople.com\/wp-content\/uploads\/2018\/11\/stockholm.jpg\" class=\"attachment-full size-full wp-post-image\" alt=\"\" loading=\"lazy\" srcset=\"https:\/\/www.greenhatpeople.com\/wp-content\/uploads\/2018\/11\/stockholm.jpg 1600w, https:\/\/www.greenhatpeople.com\/wp-content\/uploads\/2018\/11\/stockholm-300x200.jpg 300w, https:\/\/www.greenhatpeople.com\/wp-content\/uploads\/2018\/11\/stockholm-768x512.jpg 768w, https:\/\/www.greenhatpeople.com\/wp-content\/uploads\/2018\/11\/stockholm-1024x683.jpg 1024w\" sizes=\"(max-width: 1600px) 100vw, 1600px\" \/>                          <\/a>\n                      <a data-id=\"malm\u00f6\" class=\"vc_contact_offices-post\">\n                              <h3>Malm\u00f6<\/h3>\n                <img width=\"1354\" height=\"749\" src=\"https:\/\/www.greenhatpeople.com\/wp-content\/uploads\/2019\/06\/malmo\u03082.jpg\" class=\"attachment-full size-full wp-post-image\" alt=\"\" loading=\"lazy\" srcset=\"https:\/\/www.greenhatpeople.com\/wp-content\/uploads\/2019\/06\/malmo\u03082.jpg 1354w, https:\/\/www.greenhatpeople.com\/wp-content\/uploads\/2019\/06\/malmo\u03082-300x166.jpg 300w, https:\/\/www.greenhatpeople.com\/wp-content\/uploads\/2019\/06\/malmo\u03082-1024x566.jpg 1024w, https:\/\/www.greenhatpeople.com\/wp-content\/uploads\/2019\/06\/malmo\u03082-768x425.jpg 768w\" sizes=\"(max-width: 1354px) 100vw, 1354px\" \/>                          <\/a>\n                      <a data-id=\"copenhagen\" class=\"vc_contact_offices-post\">\n                              <h3>Copenhagen<\/h3>\n                <img width=\"1600\" height=\"1067\" src=\"https:\/\/www.greenhatpeople.com\/wp-content\/uploads\/2018\/11\/copenhagen.jpg\" class=\"attachment-full size-full wp-post-image\" alt=\"\" loading=\"lazy\" srcset=\"https:\/\/www.greenhatpeople.com\/wp-content\/uploads\/2018\/11\/copenhagen.jpg 1600w, https:\/\/www.greenhatpeople.com\/wp-content\/uploads\/2018\/11\/copenhagen-300x200.jpg 300w, https:\/\/www.greenhatpeople.com\/wp-content\/uploads\/2018\/11\/copenhagen-768x512.jpg 768w, https:\/\/www.greenhatpeople.com\/wp-content\/uploads\/2018\/11\/copenhagen-1024x683.jpg 1024w\" sizes=\"(max-width: 1600px) 100vw, 1600px\" \/>                          <\/a>\n                      <a data-id=\"oslo\" class=\"vc_contact_offices-post\">\n                              <h3>Oslo<\/h3>\n                <img width=\"1600\" height=\"1067\" src=\"https:\/\/www.greenhatpeople.com\/wp-content\/uploads\/2018\/11\/oslo.jpg\" class=\"attachment-full size-full wp-post-image\" alt=\"\" loading=\"lazy\" srcset=\"https:\/\/www.greenhatpeople.com\/wp-content\/uploads\/2018\/11\/oslo.jpg 1600w, https:\/\/www.greenhatpeople.com\/wp-content\/uploads\/2018\/11\/oslo-300x200.jpg 300w, https:\/\/www.greenhatpeople.com\/wp-content\/uploads\/2018\/11\/oslo-768x512.jpg 768w, https:\/\/www.greenhatpeople.com\/wp-content\/uploads\/2018\/11\/oslo-1024x683.jpg 1024w\" sizes=\"(max-width: 1600px) 100vw, 1600px\" \/>                          <\/a>\n                      <a data-id=\"bergen\" class=\"vc_contact_offices-post\">\n                              <h3>Bergen<\/h3>\n                <img width=\"1024\" height=\"683\" src=\"https:\/\/www.greenhatpeople.com\/wp-content\/uploads\/2019\/06\/Bergen.jpg\" class=\"attachment-full size-full wp-post-image\" alt=\"\" loading=\"lazy\" srcset=\"https:\/\/www.greenhatpeople.com\/wp-content\/uploads\/2019\/06\/Bergen.jpg 1024w, https:\/\/www.greenhatpeople.com\/wp-content\/uploads\/2019\/06\/Bergen-300x200.jpg 300w, https:\/\/www.greenhatpeople.com\/wp-content\/uploads\/2019\/06\/Bergen-768x512.jpg 768w\" sizes=\"(max-width: 1024px) 100vw, 1024px\" \/>                          <\/a>\n                      <a data-id=\"barcelona\" class=\"vc_contact_offices-post\">\n                              <h3>Barcelona<\/h3>\n                <img width=\"360\" height=\"252\" src=\"https:\/\/www.greenhatpeople.com\/wp-content\/uploads\/2019\/06\/Barcelona.png\" class=\"attachment-full size-full wp-post-image\" alt=\"\" loading=\"lazy\" srcset=\"https:\/\/www.greenhatpeople.com\/wp-content\/uploads\/2019\/06\/Barcelona.png 360w, https:\/\/www.greenhatpeople.com\/wp-content\/uploads\/2019\/06\/Barcelona-300x210.png 300w\" sizes=\"(max-width: 360px) 100vw, 360px\" \/>                          <\/a>\n                      <a data-id=\"s\u00e3o paulo\" class=\"vc_contact_offices-post\">\n                              <h3>S\u00e3o Paulo<\/h3>\n                <img width=\"1024\" height=\"768\" src=\"https:\/\/www.greenhatpeople.com\/wp-content\/uploads\/2019\/06\/Sao-Paulo.jpg\" class=\"attachment-full size-full wp-post-image\" alt=\"\" loading=\"lazy\" srcset=\"https:\/\/www.greenhatpeople.com\/wp-content\/uploads\/2019\/06\/Sao-Paulo.jpg 1024w, https:\/\/www.greenhatpeople.com\/wp-content\/uploads\/2019\/06\/Sao-Paulo-300x225.jpg 300w, https:\/\/www.greenhatpeople.com\/wp-content\/uploads\/2019\/06\/Sao-Paulo-768x576.jpg 768w\" sizes=\"(max-width: 1024px) 100vw, 1024px\" \/>                          <\/a>\n                      <a data-id=\"world-wide enquiries\" class=\"vc_contact_offices-post\">\n                              <h3>World-wide Enquiries<\/h3>\n                <img width=\"1024\" height=\"683\" src=\"https:\/\/www.greenhatpeople.com\/wp-content\/uploads\/2019\/06\/world.jpg\" class=\"attachment-full size-full wp-post-image\" alt=\"\" loading=\"lazy\" srcset=\"https:\/\/www.greenhatpeople.com\/wp-content\/uploads\/2019\/06\/world.jpg 1024w, https:\/\/www.greenhatpeople.com\/wp-content\/uploads\/2019\/06\/world-300x200.jpg 300w, https:\/\/www.greenhatpeople.com\/wp-content\/uploads\/2019\/06\/world-768x512.jpg 768w\" sizes=\"(max-width: 1024px) 100vw, 1024px\" \/>                          <\/a>\n           <\/div>           <div class=\"vc_contact_offices_content\">\n                    <div id=\"london\" class=\"vc_contact_offices_content-post active\">\n              <div class=\"content\">\n                <h2>London<\/h2>\n<p>Scott House<br \/>\nSuite 1, The Concourse<br \/>\nWaterloo Station, London SE1 7LY<br \/>\n<a href=\"tel:+442036425992\">+44 (0)20 3642 5992<\/a><br \/>\n<a href=\"mailto:contact-uk@greenhatpeople.com\">contact-uk@greenhatpeople.com<\/a><\/p>\n              <\/div>\n              <div class=\"map\">\n                <iframe src=\"https:\/\/www.google.com\/maps\/embed?pb=!1m18!1m12!1m3!1d460.6782376035185!2d-0.11428273581955843!3d51.503661148322344!2m3!1f0!2f0!3f0!3m2!1i1024!2i768!4f13.1!3m3!1m2!1s0x487605d78388519b%3A0xb6f3a3a310d8a89!2sThe%20Office%20Group%20-%20Scott%20House!5e0!3m2!1sen!2suk!4v1600250306558!5m2!1sen!2suk\" width=\"600\" height=\"450\" frameborder=\"0\" style=\"border:0;\" allowfullscreen=\"\" aria-hidden=\"false\" tabindex=\"0\"><\/iframe>              <\/div>\n            <\/div>\n                      <div id=\"stockholm\" class=\"vc_contact_offices_content-post\">\n              <div class=\"content\">\n                <h2>Stockholm<\/h2>\n<p>Holl\u00e4ndargatan 20<br \/>\n111 60 Stockholm<\/p>\n<p>Tel\u00a0<a href=\"tel:+46 (8) 30 98 80\">+46 (8) 30 98 80<\/a><br \/>\n<a href=\"mailto:stockholm@greenhatpeople.com\">stockholm@greenhatpeople.com<\/a><\/p>\n<h2>Malm\u00f6<\/h2>\n<p>Media Evolution City<br \/>\nStora Varvsgatan 6A<br \/>\n211 19 Malm\u00f6<\/p>\n<div class=\"phone-section\">Tel\u00a0<a href=\"tel:+46406850095\">+46 (0) 40 685 00 95<\/a><\/div>\n<p><a href=\"mailto:skane@greenhatpeople.com\" target=\"_self\">skane@greenhatpeople.com<\/a><\/p>\n              <\/div>\n              <div class=\"map\">\n                <iframe src=\"https:\/\/www.google.com\/maps\/embed?pb=!1m18!1m12!1m3!1d2034.6470428151931!2d18.05620171646477!3d59.33884641730095!2m3!1f0!2f0!3f0!3m2!1i1024!2i768!4f13.1!3m3!1m2!1s0x465f9d663c57d873%3A0x68b43a7fb2fd7594!2sHoll%C3%A4ndargatan+20%2C+111+60+Stockholm%2C+Sweden!5e0!3m2!1sen!2suk!4v1541758541533\" width=\"600\" height=\"450\" frameborder=\"0\" style=\"border:0\" allowfullscreen><\/iframe>              <\/div>\n            <\/div>\n                      <div id=\"malm\u00f6\" class=\"vc_contact_offices_content-post\">\n              <div class=\"content\">\n                <h2>Malm\u00f6<\/h2>\n<p>Media Evolution City<br \/>\nStora Varvsgatan 6A<br \/>\n211 19 Malm\u00f6<\/p>\n<div class=\"phone-section\">Phone\u00a0<a href=\"tel:+46406850095\">+46 (0) 40 685 00 95<\/a><\/div>\n<p><a href=\"mailto:skane@greenhatpeople.com\" target=\"_self\" rel=\"noopener noreferrer\">skane@greenhatpeople.com<\/a><\/p>\n              <\/div>\n              <div class=\"map\">\n                <iframe src=\"https:\/\/www.google.com\/maps\/embed?pb=!1m18!1m12!1m3!1d2253.403896777604!2d12.989316815836961!3d55.61238751028038!2m3!1f0!2f0!3f0!3m2!1i1024!2i768!4f13.1!3m3!1m2!1s0x4653a3fdb880cc7b%3A0x57543878552a8c84!2sMedia+Evolution+City!5e0!3m2!1sen!2sse!4v1561039108401!5m2!1sen!2sse\" width=\"600\" height=\"450\" frameborder=\"0\" style=\"border:0\" allowfullscreen><\/iframe>              <\/div>\n            <\/div>\n                      <div id=\"copenhagen\" class=\"vc_contact_offices_content-post\">\n              <div class=\"content\">\n                <h2>Copenhagen<\/h2>\n<p>\u00d8restads Boulevard 73<br \/>\n2300 K\u00f8benhavn S<\/p>\n<p>Phone <a href=\"tel:+45 5358 1974\">+45 5358 1974<\/a><br \/>\n<a href=\"#\">kontakt-dk@greenhatpeople.com<\/a><\/p>\n              <\/div>\n              <div class=\"map\">\n                <iframe src=\"https:\/\/www.google.com\/maps\/embed?pb=!1m18!1m12!1m3!1d2251.9670115472736!2d12.579698416092894!3d55.632183480521256!2m3!1f0!2f0!3f0!3m2!1i1024!2i768!4f13.1!3m3!1m2!1s0x465254ba7a07f613%3A0xeaef3439902d315d!2sWinghouse%2C%20%C3%98restads%20Blvd.%2073%2C%202300%20K%C3%B8benhavn%2C%20Denmark!5e0!3m2!1sen!2suk!4v1594762588530!5m2!1sen!2suk\" width=\"600\" height=\"450\" frameborder=\"0\" style=\"border:0;\" allowfullscreen=\"\" aria-hidden=\"false\" tabindex=\"0\"><\/iframe>              <\/div>\n            <\/div>\n                      <div id=\"oslo\" class=\"vc_contact_offices_content-post\">\n              <div class=\"content\">\n                <h2>Oslo<\/h2>\n<p>Nordstrandveien 5<br \/>\n1172 Oslo, Norway<\/p>\n<p>Phone: <a href=\"te:+47 930 13 958\">+47 930 13 958<\/a><br \/>\n<a href=\"mailto:kontakt-no@greenhatpeople.com\">kontakt-no@greenhatpeople.com<\/a><\/p>\n<h2>Bergen<\/h2>\n<p>Strandgaten 59<br \/>\n5004 Bergen, Norway<\/p>\n<p>Phone: <a href=\"tel:+47 405 38 160\">+47 405 38 160<\/a><br \/>\n<a href=\"mailto:kontakt-no@greenhatpeople.com\">kontakt-no@greenhatpeople.com<\/a><\/p>\n              <\/div>\n              <div class=\"map\">\n                <iframe src=\"https:\/\/www.google.com\/maps\/embed?pb=!1m18!1m12!1m3!1d2003.1181394672958!2d10.783760716476273!3d59.863784475096445!2m3!1f0!2f0!3f0!3m2!1i1024!2i768!4f13.1!3m3!1m2!1s0x46416f2b606202e1%3A0xeeaf4ebe078f5509!2sNordstrandveien+5%2C+1170+Oslo%2C+Norway!5e0!3m2!1sen!2suk!4v1541762330321\" width=\"600\" height=\"450\" frameborder=\"0\" style=\"border:0\" allowfullscreen><\/iframe>              <\/div>\n            <\/div>\n                      <div id=\"bergen\" class=\"vc_contact_offices_content-post\">\n              <div class=\"content\">\n                <h2>Bergen<\/h2>\n<p>Strandgaten 59<br \/>\n5004 Bergen, Norway<\/p>\n<p>Phone: <a href=\"tel:+47 405 38 160\">+47 405 38 160<\/a><br \/>\n<a href=\"mailto:kontakt-no@greenhatpeople.com\">kontakt-no@greenhatpeople.com<\/a><\/p>\n              <\/div>\n              <div class=\"map\">\n                <iframe src=\"https:\/\/www.google.com\/maps\/embed?pb=!1m18!1m12!1m3!1d1971.0211152013655!2d5.316518816261809!3d60.395329082044455!2m3!1f0!2f0!3f0!3m2!1i1024!2i768!4f13.1!3m3!1m2!1s0x463cfc1cd79dd585%3A0xe0308d184a53372d!2sStrandgaten%2059%2C%205004%20Bergen%2C%20Norway!5e0!3m2!1sen!2suk!4v1568319542432!5m2!1sen!2suk\" width=\"600\" height=\"450\" frameborder=\"0\" style=\"border:0;\" allowfullscreen=\"\"><\/iframe>              <\/div>\n            <\/div>\n                      <div id=\"barcelona\" class=\"vc_contact_offices_content-post\">\n              <div class=\"content\">\n                <h2>Barcelona<\/h2>\n<p>Balmes, 190\u00a0 4\u00aa planta<br \/>\n08006 Barcelona \u2013 Spain<\/p>\n<div class=\"phone-section\">Phone:\u00a0<a href=\"tel:+34938539932\">+34 93 853 99 32<\/a><\/div>\n<p><a href=\"mailto:contacto@greenhatpeople.com\" target=\"_self\">contacto@greenhatpeople.com<\/a><\/p>\n              <\/div>\n              <div class=\"map\">\n                <iframe src=\"https:\/\/www.google.com\/maps\/embed?pb=!1m18!1m12!1m3!1d2992.952602714577!2d2.1507642156481075!3d41.396835679263376!2m3!1f0!2f0!3f0!3m2!1i1024!2i768!4f13.1!3m3!1m2!1s0x12a4a2999abc731f%3A0xd8f8aab162761379!2sGreen+Hat+People+Espa%C3%B1a!5e0!3m2!1sen!2sse!4v1561037721775!5m2!1sen!2sse\" width=\"600\" height=\"450\" frameborder=\"0\" style=\"border:0\" allowfullscreen><\/iframe>              <\/div>\n            <\/div>\n                      <div id=\"s\u00e3o paulo\" class=\"vc_contact_offices_content-post\">\n              <div class=\"content\">\n                <h2>S\u00e3o Paulo<\/h2>\n<p>Escrit\u00f3rio de S\u00e3o Paulo<br \/>\nAvenida Paulista 1374, 4o andar, WeWork<br \/>\nS\u00e3o Paulo \u2013 Brasil<\/p>\n<p><a href=\"tel:+55 (11) 3280-8392\">+55 (11) 3280-8392<\/a><\/p>\n<p><a href=\"mailto:contato@greenhatpeople.com\">contato@greenhatpeople.com<\/a><\/p>\n              <\/div>\n              <div class=\"map\">\n                <iframe src=\"https:\/\/www.google.com\/maps\/embed?pb=!1m18!1m12!1m3!1d3657.2497966872265!2d-46.660960284808944!3d-23.55947036740807!2m3!1f0!2f0!3f0!3m2!1i1024!2i768!4f13.1!3m3!1m2!1s0x94ce59c8e4bfffff%3A0x7fcdda51e521566!2sWeWork!5e0!3m2!1sen!2sse!4v1561038557612!5m2!1sen!2sse\" width=\"600\" height=\"450\" frameborder=\"0\" style=\"border:0\" allowfullscreen><\/iframe>              <\/div>\n            <\/div>\n                      <div id=\"world-wide enquiries\" class=\"vc_contact_offices_content-post\">\n              <div class=\"content\">\n                <h2>Green Hat People Head Office<\/h2>\n<p>Holl\u00e4ndargatan 20<br \/>\n111 60 Stockholm<br \/>\nSweden<\/p>\n<p>Phone <a href=\"tel:+46 (8) 30 98 80\">+46 (8) 30 98 80<\/a><br \/>\n<a href=\"mailto:kontakt@greenhatpeople.com\">kontakt@greenhatpeople.com<\/a><\/p>\n              <\/div>\n              <div class=\"map\">\n                <iframe src=\"https:\/\/www.google.com\/maps\/embed?pb=!1m18!1m12!1m3!1d2034.6470428151931!2d18.05620171646477!3d59.33884641730095!2m3!1f0!2f0!3f0!3m2!1i1024!2i768!4f13.1!3m3!1m2!1s0x465f9d663c57d873%3A0x68b43a7fb2fd7594!2sHoll%C3%A4ndargatan+20%2C+111+60+Stockholm%2C+Sweden!5e0!3m2!1sen!2suk!4v1541758541533\" width=\"600\" height=\"450\" frameborder=\"0\" style=\"border:0\" allowfullscreen><\/iframe>              <\/div>\n            <\/div>\n           <\/div> [\/vc_column][\/vc_row][vc_row][vc_column][vc_btn title=&#8221;V\u00e5ra medarbetare&#8221; style=&#8221;flat&#8221; shape=&#8221;square&#8221; size=&#8221;lg&#8221; align=&#8221;center&#8221; i_icon_fontawesome=&#8221;fa fa-users&#8221; add_icon=&#8221;true&#8221; link=&#8221;url:%2Fsv%2Four-team%2F|||&#8221;][\/vc_column][\/vc_row][\/vc_section]<\/p>\n","protected":false},"excerpt":{"rendered":"<p>[vc_row full_width=&#8221;stretch_row&#8221;][vc_column][\/vc_column][\/vc_row][vc_section][vc_row el_class=&#8221;flex-contact-order&#8221;][vc_column][\/vc_column][\/vc_row][vc_row][vc_column][vc_btn title=&#8221;V\u00e5ra medarbetare&#8221; style=&#8221;flat&#8221; shape=&#8221;square&#8221; size=&#8221;lg&#8221; align=&#8221;center&#8221; i_icon_fontawesome=&#8221;fa fa-users&#8221; add_icon=&#8221;true&#8221; link=&#8221;url:%2Fsv%2Four-team%2F|||&#8221;][\/vc_column][\/vc_row][\/vc_section]<\/p>\n","protected":false},"author":1,"featured_media":0,"parent":0,"menu_order":221,"comment_status":"closed","ping_status":"closed","template":"","meta":{"inline_featured_image":false},"acf":[],"yoast_head":"<!-- This site is optimized with the Yoast SEO plugin v19.1 - https:\/\/yoast.com\/wordpress\/plugins\/seo\/ -->\n<title>Kontakt - Green Hat People<\/title>\n<meta name=\"description\" content=\"Vi hj\u00e4lper kunder att kommunicera med sina medarbetare p\u00e5 ett nytt, mycket mer engagerande s\u00e4tt. Kom i kontakt med oss.\" \/>\n<meta name=\"robots\" content=\"index, follow, max-snippet:-1, max-image-preview:large, max-video-preview:-1\" \/>\n<link rel=\"canonical\" href=\"https:\/\/www.greenhatpeople.com\/sv\/contact\/\" \/>\n<meta property=\"og:locale\" content=\"sv_SE\" \/>\n<meta property=\"og:type\" content=\"article\" \/>\n<meta property=\"og:title\" content=\"Kontakt - Green Hat People\" \/>\n<meta property=\"og:description\" content=\"Vi hj\u00e4lper kunder att kommunicera med sina medarbetare p\u00e5 ett nytt, mycket mer engagerande s\u00e4tt. Kom i kontakt med oss.\" \/>\n<meta property=\"og:url\" content=\"https:\/\/www.greenhatpeople.com\/sv\/contact\/\" \/>\n<meta property=\"og:site_name\" content=\"Green Hat People\" \/>\n<meta property=\"article:modified_time\" content=\"2019-11-13T09:45:37+00:00\" \/>\n<meta name=\"twitter:card\" content=\"summary_large_image\" \/>\n<meta name=\"twitter:label1\" content=\"Ber\u00e4knad l\u00e4stid\" \/>\n\t<meta name=\"twitter:data1\" content=\"1 minut\" \/>\n<script type=\"application\/ld+json\" class=\"yoast-schema-graph\">{\"@context\":\"https:\/\/schema.org\",\"@graph\":[{\"@type\":\"WebSite\",\"@id\":\"https:\/\/www.greenhatpeople.com\/#website\",\"url\":\"https:\/\/www.greenhatpeople.com\/\",\"name\":\"Green Hat People\",\"description\":\"Onboarding Platform\",\"potentialAction\":[{\"@type\":\"SearchAction\",\"target\":{\"@type\":\"EntryPoint\",\"urlTemplate\":\"https:\/\/www.greenhatpeople.com\/?s={search_term_string}\"},\"query-input\":\"required name=search_term_string\"}],\"inLanguage\":\"sv-SE\"},{\"@type\":\"WebPage\",\"@id\":\"https:\/\/www.greenhatpeople.com\/sv\/contact\/#webpage\",\"url\":\"https:\/\/www.greenhatpeople.com\/sv\/contact\/\",\"name\":\"Kontakt - Green Hat People\",\"isPartOf\":{\"@id\":\"https:\/\/www.greenhatpeople.com\/#website\"},\"datePublished\":\"2018-11-01T10:04:28+00:00\",\"dateModified\":\"2019-11-13T09:45:37+00:00\",\"description\":\"Vi hj\u00e4lper kunder att kommunicera med sina medarbetare p\u00e5 ett nytt, mycket mer engagerande s\u00e4tt. Kom i kontakt med oss.\",\"breadcrumb\":{\"@id\":\"https:\/\/www.greenhatpeople.com\/sv\/contact\/#breadcrumb\"},\"inLanguage\":\"sv-SE\",\"potentialAction\":[{\"@type\":\"ReadAction\",\"target\":[\"https:\/\/www.greenhatpeople.com\/sv\/contact\/\"]}]},{\"@type\":\"BreadcrumbList\",\"@id\":\"https:\/\/www.greenhatpeople.com\/sv\/contact\/#breadcrumb\",\"itemListElement\":[{\"@type\":\"ListItem\",\"position\":1,\"name\":\"Home\",\"item\":\"https:\/\/www.greenhatpeople.com\/sv\/\"},{\"@type\":\"ListItem\",\"position\":2,\"name\":\"Contact\"}]}]}<\/script>\n<!-- \/ Yoast SEO plugin. -->","yoast_head_json":{"title":"Kontakt - Green Hat People","description":"Vi hj\u00e4lper kunder att kommunicera med sina medarbetare p\u00e5 ett nytt, mycket mer engagerande s\u00e4tt. Kom i kontakt med oss.","robots":{"index":"index","follow":"follow","max-snippet":"max-snippet:-1","max-image-preview":"max-image-preview:large","max-video-preview":"max-video-preview:-1"},"canonical":"https:\/\/www.greenhatpeople.com\/sv\/contact\/","og_locale":"sv_SE","og_type":"article","og_title":"Kontakt - Green Hat People","og_description":"Vi hj\u00e4lper kunder att kommunicera med sina medarbetare p\u00e5 ett nytt, mycket mer engagerande s\u00e4tt. Kom i kontakt med oss.","og_url":"https:\/\/www.greenhatpeople.com\/sv\/contact\/","og_site_name":"Green Hat People","article_modified_time":"2019-11-13T09:45:37+00:00","twitter_card":"summary_large_image","twitter_misc":{"Ber\u00e4knad l\u00e4stid":"1 minut"},"schema":{"@context":"https:\/\/schema.org","@graph":[{"@type":"WebSite","@id":"https:\/\/www.greenhatpeople.com\/#website","url":"https:\/\/www.greenhatpeople.com\/","name":"Green Hat People","description":"Onboarding Platform","potentialAction":[{"@type":"SearchAction","target":{"@type":"EntryPoint","urlTemplate":"https:\/\/www.greenhatpeople.com\/?s={search_term_string}"},"query-input":"required name=search_term_string"}],"inLanguage":"sv-SE"},{"@type":"WebPage","@id":"https:\/\/www.greenhatpeople.com\/sv\/contact\/#webpage","url":"https:\/\/www.greenhatpeople.com\/sv\/contact\/","name":"Kontakt - Green Hat People","isPartOf":{"@id":"https:\/\/www.greenhatpeople.com\/#website"},"datePublished":"2018-11-01T10:04:28+00:00","dateModified":"2019-11-13T09:45:37+00:00","description":"Vi hj\u00e4lper kunder att kommunicera med sina medarbetare p\u00e5 ett nytt, mycket mer engagerande s\u00e4tt. Kom i kontakt med oss.","breadcrumb":{"@id":"https:\/\/www.greenhatpeople.com\/sv\/contact\/#breadcrumb"},"inLanguage":"sv-SE","potentialAction":[{"@type":"ReadAction","target":["https:\/\/www.greenhatpeople.com\/sv\/contact\/"]}]},{"@type":"BreadcrumbList","@id":"https:\/\/www.greenhatpeople.com\/sv\/contact\/#breadcrumb","itemListElement":[{"@type":"ListItem","position":1,"name":"Home","item":"https:\/\/www.greenhatpeople.com\/sv\/"},{"@type":"ListItem","position":2,"name":"Contact"}]}]}},"_links":{"self":[{"href":"https:\/\/www.greenhatpeople.com\/sv\/wp-json\/wp\/v2\/pages\/13068"}],"collection":[{"href":"https:\/\/www.greenhatpeople.com\/sv\/wp-json\/wp\/v2\/pages"}],"about":[{"href":"https:\/\/www.greenhatpeople.com\/sv\/wp-json\/wp\/v2\/types\/page"}],"author":[{"embeddable":true,"href":"https:\/\/www.greenhatpeople.com\/sv\/wp-json\/wp\/v2\/users\/1"}],"replies":[{"embeddable":true,"href":"https:\/\/www.greenhatpeople.com\/sv\/wp-json\/wp\/v2\/comments?post=13068"}],"version-history":[{"count":10,"href":"https:\/\/www.greenhatpeople.com\/sv\/wp-json\/wp\/v2\/pages\/13068\/revisions"}],"predecessor-version":[{"id":15898,"href":"https:\/\/www.greenhatpeople.com\/sv\/wp-json\/wp\/v2\/pages\/13068\/revisions\/15898"}],"wp:attachment":[{"href":"https:\/\/www.greenhatpeople.com\/sv\/wp-json\/wp\/v2\/media?parent=13068"}],"curies":[{"name":"wp","href":"https:\/\/api.w.org\/{rel}","templated":true}]}}