

{"id":9758,"date":"2018-12-18T10:53:17","date_gmt":"2018-12-18T10:53:17","guid":{"rendered":"http:\/\/%20www.greenhatpeople.com\/seminars\/"},"modified":"2020-04-21T18:36:14","modified_gmt":"2020-04-21T18:36:14","slug":"seminarer","status":"publish","type":"page","link":"https:\/\/www.greenhatpeople.com\/no\/seminarer\/","title":{"rendered":"Seminarer"},"content":{"rendered":"<p>[vc_row full_width=&raquo;stretch_row&raquo;][vc_column]\n            <div class=\"hero  style-titles\">\n              <div class=\"pos-vc\">\n                <div class=\"container\">\n                  [vc_row_inner ftw_align_center_row=&raquo;true&raquo;][vc_column_inner width=&raquo;1\/2&#8243;][vc_column_text css=&raquo;.vc_custom_1568293675025{margin-bottom: 0px !important;}&raquo;]<\/p>\n<h1>Bli med p\u00e5 v\u00e5re seminarer<\/h1>\n<p>[\/vc_column_text][\/vc_column_inner][vc_column_inner width=&raquo;1\/2&#8243;][vc_column_text]<\/p>\n<h3>Ta kontakt for \u00e5 finne ut mer!<\/h3>\n<div><div role=\"form\" class=\"wpcf7\" id=\"wpcf7-f11249-o1\" lang=\"en-US\" dir=\"ltr\">\n<div class=\"screen-reader-response\"><p role=\"status\" aria-live=\"polite\" aria-atomic=\"true\"><\/p> <ul><\/ul><\/div>\n<form action=\"\/no\/wp-json\/wp\/v2\/pages\/9758#wpcf7-f11249-o1\" method=\"post\" class=\"wpcf7-form init\" novalidate=\"novalidate\" data-status=\"init\">\n<div style=\"display: none;\">\n<input type=\"hidden\" name=\"_wpcf7\" value=\"11249\" \/>\n<input type=\"hidden\" name=\"_wpcf7_version\" value=\"5.5.6.1\" \/>\n<input type=\"hidden\" name=\"_wpcf7_locale\" value=\"en_US\" \/>\n<input type=\"hidden\" name=\"_wpcf7_unit_tag\" value=\"wpcf7-f11249-o1\" \/>\n<input type=\"hidden\" name=\"_wpcf7_container_post\" value=\"0\" \/>\n<input type=\"hidden\" name=\"_wpcf7_posted_data_hash\" value=\"\" \/>\n<input type=\"hidden\" name=\"_wpcf7_recaptcha_response\" value=\"\" \/>\n<\/div>\n<p><span class=\"wpcf7-form-control-wrap your-email\"><input type=\"email\" name=\"your-email\" value=\"\" size=\"40\" class=\"wpcf7-form-control wpcf7-text wpcf7-email wpcf7-validates-as-required wpcf7-validates-as-email\" aria-required=\"true\" aria-invalid=\"false\" placeholder=\"*Epost\" \/><\/span><\/p>\n<p><span class=\"wpcf7-form-control-wrap your-name\"><input type=\"text\" name=\"your-name\" value=\"\" size=\"40\" class=\"wpcf7-form-control wpcf7-text wpcf7-validates-as-required\" aria-required=\"true\" aria-invalid=\"false\" placeholder=\"*Navn\" \/><\/span><\/p>\n<p><span class=\"wpcf7-form-control-wrap your-phone\"><input type=\"tel\" name=\"your-phone\" value=\"\" size=\"40\" class=\"wpcf7-form-control wpcf7-text wpcf7-tel wpcf7-validates-as-tel\" aria-invalid=\"false\" placeholder=\"Telefon\" \/><\/span><\/p>\n<p><span class=\"wpcf7-form-control-wrap your-message\"><textarea name=\"your-message\" cols=\"40\" rows=\"3\" class=\"wpcf7-form-control wpcf7-textarea\" aria-invalid=\"false\" placeholder=\"Kommentarer eller annen info..\"><\/textarea><\/span><\/p>\n<p><span class=\"wpcf7-form-control-wrap checkbox-561\"><span class=\"wpcf7-form-control wpcf7-checkbox\"><span class=\"wpcf7-list-item first last\"><input type=\"checkbox\" name=\"checkbox-561[]\" value=\"Jeg \u00f8nsker \u00e5 motta nyhetsbrev\" \/><span class=\"wpcf7-list-item-label\">Jeg \u00f8nsker \u00e5 motta nyhetsbrev<\/span><\/span><\/span><\/span><\/p>\n<p><input type=\"submit\" value=\"Send\" class=\"wpcf7-form-control has-spinner wpcf7-submit\" \/><\/p>\n<p class=\"extra-text\">Heller sende email? <a href=mailto:kontakt-no@greenhatpeople.com?subject=Generell Henvendelse &body=Hei. Dette er en generell henvendelse. style=\"color:white;\">Trykk her<\/a><\/p>\n<div class=\"wpcf7-response-output\" aria-hidden=\"true\"><\/div><\/form><\/div><\/div>\n<div>\n<div>\n<div>\n<div><\/div>\n<\/div>\n<\/div>\n<\/div>\n<p>[\/vc_column_text][\/vc_column_inner][\/vc_row_inner]\n                  <\/div>\n                <\/div>\n              <\/div>\n              <div class=\"background-image-holder\">\n                <img width=\"1600\" height=\"1068\" src=\"https:\/\/www.greenhatpeople.com\/wp-content\/uploads\/2019\/11\/Onboarding-Game-3.jpg\" class=\"attachment-full size-full\" alt=\"\" loading=\"lazy\" srcset=\"https:\/\/www.greenhatpeople.com\/wp-content\/uploads\/2019\/11\/Onboarding-Game-3.jpg 1600w, https:\/\/www.greenhatpeople.com\/wp-content\/uploads\/2019\/11\/Onboarding-Game-3-300x200.jpg 300w, https:\/\/www.greenhatpeople.com\/wp-content\/uploads\/2019\/11\/Onboarding-Game-3-768x513.jpg 768w, https:\/\/www.greenhatpeople.com\/wp-content\/uploads\/2019\/11\/Onboarding-Game-3-1024x684.jpg 1024w\" sizes=\"(max-width: 1600px) 100vw, 1600px\" \/>\n              <\/div>\n            <\/div>\n          [\/vc_column][\/vc_row][vc_row full_width=&raquo;stretch_row&raquo;][vc_column]\n            <div class=\"bar bg--primary\">\n              <div class=\"container\">\n                <div class=\"item\">\n                  <h2>Engasjerende<\/h2>\n                  \n                <\/div>\n                <div class=\"item\">\n                  <h2>Digitalt<\/h2>\n                  \n                <\/div>\n                <div class=\"item\">\n                  <h2>M\u00e5lbart<\/h2>\n                  \n                <\/div>\n              <\/div>\n            <\/div>\n          [\/vc_column][\/vc_row][vc_section][vc_row ftw_align_center_row=&raquo;true&raquo;][vc_column]          <div class=\"vc_seminars_list\">\n                    <div class=\"vc_seminars_list-post\">\n              <div class=\"vc_seminars_list-thumb\">\n                <img width=\"1600\" height=\"1068\" src=\"https:\/\/www.greenhatpeople.com\/wp-content\/uploads\/2019\/12\/Onboarding-Game-2.jpg\" class=\"attachment-full size-full wp-post-image\" alt=\"\" loading=\"lazy\" srcset=\"https:\/\/www.greenhatpeople.com\/wp-content\/uploads\/2019\/12\/Onboarding-Game-2.jpg 1600w, https:\/\/www.greenhatpeople.com\/wp-content\/uploads\/2019\/12\/Onboarding-Game-2-300x200.jpg 300w, https:\/\/www.greenhatpeople.com\/wp-content\/uploads\/2019\/12\/Onboarding-Game-2-768x513.jpg 768w, https:\/\/www.greenhatpeople.com\/wp-content\/uploads\/2019\/12\/Onboarding-Game-2-1024x684.jpg 1024w\" sizes=\"(max-width: 1600px) 100vw, 1600px\" \/>              <\/div>\n              <div class=\"vc_seminars_list-content\">\n                <h2>Onboarding seminar 4 mars<\/h2>\n                <div class=\"content\">\n                  <p>\n                                      <\/p>\n                <\/div>\n                <div class=\"meta\">\n                  <p>\n                    03\/04\/2020                    08:30 AM                  <\/p>\n                <\/div>\n                <a class=\"button button--primary open-modal\" data-id=\"onboarding seminar 4 mars\">UTSATT<\/a>\n                <a class=\"button button--primary\" href=\"https:\/\/www.greenhatpeople.com\/no\/blog\/seminars\/onboarding-seminar-4-mars\/\">\n                  Les Mer                <\/a>\n              <\/div>\n            <\/div>\n\n            <div id=\"onboarding seminar 4 mars\" class=\"modal\">\n              <span class=\"close-modal\">Close<\/span>\n              <div class=\"modal-title\">\n                <h2> Onboarding seminar 4 mars<\/h2>\n                <p>Book <\/p>\n              <\/div>\n              <div role=\"form\" class=\"wpcf7\" id=\"wpcf7-f16558-o2\" lang=\"en-US\" dir=\"ltr\">\n<div class=\"screen-reader-response\"><p role=\"status\" aria-live=\"polite\" aria-atomic=\"true\"><\/p> <ul><\/ul><\/div>\n<form action=\"\/no\/wp-json\/wp\/v2\/pages\/9758#wpcf7-f16558-o2\" method=\"post\" class=\"wpcf7-form init\" novalidate=\"novalidate\" data-status=\"init\">\n<div style=\"display: none;\">\n<input type=\"hidden\" name=\"_wpcf7\" value=\"16558\" \/>\n<input type=\"hidden\" name=\"_wpcf7_version\" value=\"5.5.6.1\" \/>\n<input type=\"hidden\" name=\"_wpcf7_locale\" value=\"en_US\" \/>\n<input type=\"hidden\" name=\"_wpcf7_unit_tag\" value=\"wpcf7-f16558-o2\" \/>\n<input type=\"hidden\" name=\"_wpcf7_container_post\" value=\"0\" \/>\n<input type=\"hidden\" name=\"_wpcf7_posted_data_hash\" value=\"\" \/>\n<input type=\"hidden\" name=\"_wpcf7_recaptcha_response\" value=\"\" \/>\n<\/div>\n<p><span class=\"wpcf7-form-control-wrap full-name\"><input type=\"text\" name=\"full-name\" value=\"\" size=\"40\" class=\"wpcf7-form-control wpcf7-text wpcf7-validates-as-required\" aria-required=\"true\" aria-invalid=\"false\" placeholder=\"Navn\" \/><\/span><\/p>\n<p><span class=\"wpcf7-form-control-wrap your-email\"><input type=\"email\" name=\"your-email\" value=\"\" size=\"40\" class=\"wpcf7-form-control wpcf7-text wpcf7-email wpcf7-validates-as-required wpcf7-validates-as-email\" aria-required=\"true\" aria-invalid=\"false\" placeholder=\"Email\" \/><\/span><\/p>\n<p><span class=\"wpcf7-form-control-wrap phone\"><input type=\"tel\" name=\"phone\" value=\"\" size=\"40\" class=\"wpcf7-form-control wpcf7-text wpcf7-tel wpcf7-validates-as-tel\" aria-invalid=\"false\" placeholder=\"Telefon\" \/><\/span><\/p>\n<p><span class=\"wpcf7-form-control-wrap comment\"><textarea name=\"comment\" cols=\"40\" rows=\"10\" class=\"wpcf7-form-control wpcf7-textarea\" aria-invalid=\"false\" placeholder=\"Hva \u00f8nsker jeg \u00e5 f\u00e5 ut av seminaret?\"><\/textarea><\/span><\/p>\n<p><span class=\"wpcf7-form-control-wrap checkbox-561\"><span class=\"wpcf7-form-control wpcf7-checkbox\"><span class=\"wpcf7-list-item first last\"><input type=\"checkbox\" name=\"checkbox-561[]\" value=\"Jeg vil gjerne motta nyhetsbrev\" \/><span class=\"wpcf7-list-item-label\">Jeg vil gjerne motta nyhetsbrev<\/span><\/span><\/span><\/span><\/p>\n\n<p><input type=\"submit\" value=\"Send\" class=\"wpcf7-form-control has-spinner wpcf7-submit\" \/><\/p>\n<div class=\"wpcf7-response-output\" aria-hidden=\"true\"><\/div><\/form><\/div>            <\/div>\n                      <div class=\"vc_seminars_list-post\">\n              <div class=\"vc_seminars_list-thumb\">\n                <img width=\"1500\" height=\"1000\" src=\"https:\/\/www.greenhatpeople.com\/wp-content\/uploads\/2019\/07\/Charity-Game-4.jpg\" class=\"attachment-full size-full wp-post-image\" alt=\"\" loading=\"lazy\" srcset=\"https:\/\/www.greenhatpeople.com\/wp-content\/uploads\/2019\/07\/Charity-Game-4.jpg 1500w, https:\/\/www.greenhatpeople.com\/wp-content\/uploads\/2019\/07\/Charity-Game-4-300x200.jpg 300w, https:\/\/www.greenhatpeople.com\/wp-content\/uploads\/2019\/07\/Charity-Game-4-768x512.jpg 768w, https:\/\/www.greenhatpeople.com\/wp-content\/uploads\/2019\/07\/Charity-Game-4-1024x683.jpg 1024w\" sizes=\"(max-width: 1500px) 100vw, 1500px\" \/>              <\/div>\n              <div class=\"vc_seminars_list-content\">\n                <h2>Onboarding seminar 17 mars<\/h2>\n                <div class=\"content\">\n                  <p>\n                                      <\/p>\n                <\/div>\n                <div class=\"meta\">\n                  <p>\n                    03\/17\/2020                    08:30 AM                  <\/p>\n                <\/div>\n                <a class=\"button button--primary open-modal\" data-id=\"onboarding seminar 17 mars\">UTSATT<\/a>\n                <a class=\"button button--primary\" href=\"https:\/\/www.greenhatpeople.com\/no\/blog\/seminars\/onboarding-seminar-17-mars\/\">\n                  Les Mer                <\/a>\n              <\/div>\n            <\/div>\n\n            <div id=\"onboarding seminar 17 mars\" class=\"modal\">\n              <span class=\"close-modal\">Close<\/span>\n              <div class=\"modal-title\">\n                <h2> Onboarding seminar 17 mars<\/h2>\n                <p>Book <\/p>\n              <\/div>\n              <div role=\"form\" class=\"wpcf7\" id=\"wpcf7-f16582-o3\" lang=\"en-US\" dir=\"ltr\">\n<div class=\"screen-reader-response\"><p role=\"status\" aria-live=\"polite\" aria-atomic=\"true\"><\/p> <ul><\/ul><\/div>\n<form action=\"\/no\/wp-json\/wp\/v2\/pages\/9758#wpcf7-f16582-o3\" method=\"post\" class=\"wpcf7-form init\" novalidate=\"novalidate\" data-status=\"init\">\n<div style=\"display: none;\">\n<input type=\"hidden\" name=\"_wpcf7\" value=\"16582\" \/>\n<input type=\"hidden\" name=\"_wpcf7_version\" value=\"5.5.6.1\" \/>\n<input type=\"hidden\" name=\"_wpcf7_locale\" value=\"en_US\" \/>\n<input type=\"hidden\" name=\"_wpcf7_unit_tag\" value=\"wpcf7-f16582-o3\" \/>\n<input type=\"hidden\" name=\"_wpcf7_container_post\" value=\"0\" \/>\n<input type=\"hidden\" name=\"_wpcf7_posted_data_hash\" value=\"\" \/>\n<input type=\"hidden\" name=\"_wpcf7_recaptcha_response\" value=\"\" \/>\n<\/div>\n<p><span class=\"wpcf7-form-control-wrap full-name\"><input type=\"text\" name=\"full-name\" value=\"\" size=\"40\" class=\"wpcf7-form-control wpcf7-text wpcf7-validates-as-required\" aria-required=\"true\" aria-invalid=\"false\" placeholder=\"Navn\" \/><\/span><\/p>\n<p><span class=\"wpcf7-form-control-wrap your-email\"><input type=\"email\" name=\"your-email\" value=\"\" size=\"40\" class=\"wpcf7-form-control wpcf7-text wpcf7-email wpcf7-validates-as-required wpcf7-validates-as-email\" aria-required=\"true\" aria-invalid=\"false\" placeholder=\"Email\" \/><\/span><\/p>\n<p><span class=\"wpcf7-form-control-wrap phone\"><input type=\"tel\" name=\"phone\" value=\"\" size=\"40\" class=\"wpcf7-form-control wpcf7-text wpcf7-tel wpcf7-validates-as-tel\" aria-invalid=\"false\" placeholder=\"Telefon\" \/><\/span><\/p>\n<p><span class=\"wpcf7-form-control-wrap comment\"><textarea name=\"comment\" cols=\"40\" rows=\"10\" class=\"wpcf7-form-control wpcf7-textarea\" aria-invalid=\"false\" placeholder=\"Hva \u00f8nsker jeg \u00e5 f\u00e5 ut av seminaret?\"><\/textarea><\/span><\/p>\n<p><span class=\"wpcf7-form-control-wrap checkbox-561\"><span class=\"wpcf7-form-control wpcf7-checkbox\"><span class=\"wpcf7-list-item first last\"><input type=\"checkbox\" name=\"checkbox-561[]\" value=\"Jeg vil gjerne motta nyhetsbrev\" \/><span class=\"wpcf7-list-item-label\">Jeg vil gjerne motta nyhetsbrev<\/span><\/span><\/span><\/span><\/p>\n\n<p><input type=\"submit\" value=\"Send\" class=\"wpcf7-form-control has-spinner wpcf7-submit\" \/><\/p>\n<div class=\"wpcf7-response-output\" aria-hidden=\"true\"><\/div><\/form><\/div>            <\/div>\n                      <div class=\"vc_seminars_list-post\">\n              <div class=\"vc_seminars_list-thumb\">\n                <img width=\"956\" height=\"734\" src=\"https:\/\/www.greenhatpeople.com\/wp-content\/uploads\/2019\/06\/17-team-building-music-experience-7-v2-1.jpg\" class=\"attachment-full size-full wp-post-image\" alt=\"\" loading=\"lazy\" srcset=\"https:\/\/www.greenhatpeople.com\/wp-content\/uploads\/2019\/06\/17-team-building-music-experience-7-v2-1.jpg 956w, https:\/\/www.greenhatpeople.com\/wp-content\/uploads\/2019\/06\/17-team-building-music-experience-7-v2-1-300x230.jpg 300w, https:\/\/www.greenhatpeople.com\/wp-content\/uploads\/2019\/06\/17-team-building-music-experience-7-v2-1-768x590.jpg 768w\" sizes=\"(max-width: 956px) 100vw, 956px\" \/>              <\/div>\n              <div class=\"vc_seminars_list-content\">\n                <h2>Onboarding seminar 31 mars<\/h2>\n                <div class=\"content\">\n                  <p>\n                                      <\/p>\n                <\/div>\n                <div class=\"meta\">\n                  <p>\n                    03\/31\/2020                    08:30 AM                  <\/p>\n                <\/div>\n                <a class=\"button button--primary open-modal\" data-id=\"onboarding seminar 31 mars\">UTSATT<\/a>\n                <a class=\"button button--primary\" href=\"https:\/\/www.greenhatpeople.com\/no\/blog\/seminars\/onboarding-seminar-31-mars\/\">\n                  Les Mer                <\/a>\n              <\/div>\n            <\/div>\n\n            <div id=\"onboarding seminar 31 mars\" class=\"modal\">\n              <span class=\"close-modal\">Close<\/span>\n              <div class=\"modal-title\">\n                <h2> Onboarding seminar 31 mars<\/h2>\n                <p>Book <\/p>\n              <\/div>\n              <div role=\"form\" class=\"wpcf7\" id=\"wpcf7-f16583-o4\" lang=\"en-US\" dir=\"ltr\">\n<div class=\"screen-reader-response\"><p role=\"status\" aria-live=\"polite\" aria-atomic=\"true\"><\/p> <ul><\/ul><\/div>\n<form action=\"\/no\/wp-json\/wp\/v2\/pages\/9758#wpcf7-f16583-o4\" method=\"post\" class=\"wpcf7-form init\" novalidate=\"novalidate\" data-status=\"init\">\n<div style=\"display: none;\">\n<input type=\"hidden\" name=\"_wpcf7\" value=\"16583\" \/>\n<input type=\"hidden\" name=\"_wpcf7_version\" value=\"5.5.6.1\" \/>\n<input type=\"hidden\" name=\"_wpcf7_locale\" value=\"en_US\" \/>\n<input type=\"hidden\" name=\"_wpcf7_unit_tag\" value=\"wpcf7-f16583-o4\" \/>\n<input type=\"hidden\" name=\"_wpcf7_container_post\" value=\"0\" \/>\n<input type=\"hidden\" name=\"_wpcf7_posted_data_hash\" value=\"\" \/>\n<input type=\"hidden\" name=\"_wpcf7_recaptcha_response\" value=\"\" \/>\n<\/div>\n<p><span class=\"wpcf7-form-control-wrap full-name\"><input type=\"text\" name=\"full-name\" value=\"\" size=\"40\" class=\"wpcf7-form-control wpcf7-text wpcf7-validates-as-required\" aria-required=\"true\" aria-invalid=\"false\" placeholder=\"Navn\" \/><\/span><\/p>\n<p><span class=\"wpcf7-form-control-wrap your-email\"><input type=\"email\" name=\"your-email\" value=\"\" size=\"40\" class=\"wpcf7-form-control wpcf7-text wpcf7-email wpcf7-validates-as-required wpcf7-validates-as-email\" aria-required=\"true\" aria-invalid=\"false\" placeholder=\"Email\" \/><\/span><\/p>\n<p><span class=\"wpcf7-form-control-wrap phone\"><input type=\"tel\" name=\"phone\" value=\"\" size=\"40\" class=\"wpcf7-form-control wpcf7-text wpcf7-tel wpcf7-validates-as-tel\" aria-invalid=\"false\" placeholder=\"Telefon\" \/><\/span><\/p>\n<p><span class=\"wpcf7-form-control-wrap comment\"><textarea name=\"comment\" cols=\"40\" rows=\"10\" class=\"wpcf7-form-control wpcf7-textarea\" aria-invalid=\"false\" placeholder=\"Hva \u00f8nsker jeg \u00e5 f\u00e5 ut av seminaret?\"><\/textarea><\/span><\/p>\n<p><span class=\"wpcf7-form-control-wrap checkbox-561\"><span class=\"wpcf7-form-control wpcf7-checkbox\"><span class=\"wpcf7-list-item first last\"><input type=\"checkbox\" name=\"checkbox-561[]\" value=\"Jeg vil gjerne motta nyhetsbrev\" \/><span class=\"wpcf7-list-item-label\">Jeg vil gjerne motta nyhetsbrev<\/span><\/span><\/span><\/span><\/p>\n\n<p><input type=\"submit\" value=\"Send\" class=\"wpcf7-form-control has-spinner wpcf7-submit\" \/><\/p>\n<div class=\"wpcf7-response-output\" aria-hidden=\"true\"><\/div><\/form><\/div>            <\/div>\n           <\/div>\n\t\t\t\t<div class=\"modal-overlay\"><\/div>\n\t\t\t\t[\/vc_column][\/vc_row][\/vc_section]<\/p>\n","protected":false},"excerpt":{"rendered":"<p>[vc_row full_width=&raquo;stretch_row&raquo;][vc_column][\/vc_column][\/vc_row][vc_row full_width=&raquo;stretch_row&raquo;][vc_column][\/vc_column][\/vc_row][vc_section][vc_row ftw_align_center_row=&raquo;true&raquo;][vc_column][\/vc_column][\/vc_row][\/vc_section]<\/p>\n","protected":false},"author":1,"featured_media":0,"parent":0,"menu_order":455,"comment_status":"closed","ping_status":"closed","template":"","meta":{"inline_featured_image":false},"acf":[],"yoast_head":"<!-- This site is optimized with the Yoast SEO plugin v19.1 - https:\/\/yoast.com\/wordpress\/plugins\/seo\/ -->\n<title>Seminarer - Green Hat People - Onboarding &amp; Endring av kultur<\/title>\n<meta name=\"description\" content=\"Vi hjelper kunder med \u00e5 kommunisere med ansatte og kunder p\u00e5 en ny og mer engasjerende m\u00e5te med spillmetodikk, mikrol\u00e6ring og det nyeste innen teknologi\" \/>\n<meta name=\"robots\" content=\"index, follow, max-snippet:-1, max-image-preview:large, max-video-preview:-1\" \/>\n<link rel=\"canonical\" href=\"https:\/\/www.greenhatpeople.com\/no\/seminarer\/\" \/>\n<meta property=\"og:locale\" content=\"nb_NO\" \/>\n<meta property=\"og:type\" content=\"article\" \/>\n<meta property=\"og:title\" content=\"Seminarer - Green Hat People - Onboarding &amp; Endring av kultur\" \/>\n<meta property=\"og:description\" content=\"Vi hjelper kunder med \u00e5 kommunisere med ansatte og kunder p\u00e5 en ny og mer engasjerende m\u00e5te med spillmetodikk, mikrol\u00e6ring og det nyeste innen teknologi\" \/>\n<meta property=\"og:url\" content=\"https:\/\/www.greenhatpeople.com\/no\/seminarer\/\" \/>\n<meta property=\"og:site_name\" content=\"Green Hat People\" \/>\n<meta property=\"article:modified_time\" content=\"2020-04-21T18:36:14+00:00\" \/>\n<meta name=\"twitter:card\" content=\"summary_large_image\" \/>\n<meta name=\"twitter:label1\" content=\"Ansl. lesetid\" \/>\n\t<meta name=\"twitter:data1\" content=\"1 minutt\" \/>\n<script type=\"application\/ld+json\" class=\"yoast-schema-graph\">{\"@context\":\"https:\/\/schema.org\",\"@graph\":[{\"@type\":\"WebSite\",\"@id\":\"https:\/\/www.greenhatpeople.com\/#website\",\"url\":\"https:\/\/www.greenhatpeople.com\/\",\"name\":\"Green Hat People\",\"description\":\"Onboarding Platform\",\"potentialAction\":[{\"@type\":\"SearchAction\",\"target\":{\"@type\":\"EntryPoint\",\"urlTemplate\":\"https:\/\/www.greenhatpeople.com\/?s={search_term_string}\"},\"query-input\":\"required name=search_term_string\"}],\"inLanguage\":\"nb-NO\"},{\"@type\":\"WebPage\",\"@id\":\"https:\/\/www.greenhatpeople.com\/no\/seminarer\/#webpage\",\"url\":\"https:\/\/www.greenhatpeople.com\/no\/seminarer\/\",\"name\":\"Seminarer - Green Hat People - Onboarding & Endring av kultur\",\"isPartOf\":{\"@id\":\"https:\/\/www.greenhatpeople.com\/#website\"},\"datePublished\":\"2018-12-18T10:53:17+00:00\",\"dateModified\":\"2020-04-21T18:36:14+00:00\",\"description\":\"Vi hjelper kunder med \u00e5 kommunisere med ansatte og kunder p\u00e5 en ny og mer engasjerende m\u00e5te med spillmetodikk, mikrol\u00e6ring og det nyeste innen teknologi\",\"breadcrumb\":{\"@id\":\"https:\/\/www.greenhatpeople.com\/no\/seminarer\/#breadcrumb\"},\"inLanguage\":\"nb-NO\",\"potentialAction\":[{\"@type\":\"ReadAction\",\"target\":[\"https:\/\/www.greenhatpeople.com\/no\/seminarer\/\"]}]},{\"@type\":\"BreadcrumbList\",\"@id\":\"https:\/\/www.greenhatpeople.com\/no\/seminarer\/#breadcrumb\",\"itemListElement\":[{\"@type\":\"ListItem\",\"position\":1,\"name\":\"Home\",\"item\":\"https:\/\/www.greenhatpeople.com\/no\/\"},{\"@type\":\"ListItem\",\"position\":2,\"name\":\"Seminarer\"}]}]}<\/script>\n<!-- \/ Yoast SEO plugin. -->","yoast_head_json":{"title":"Seminarer - Green Hat People - Onboarding & Endring av kultur","description":"Vi hjelper kunder med \u00e5 kommunisere med ansatte og kunder p\u00e5 en ny og mer engasjerende m\u00e5te med spillmetodikk, mikrol\u00e6ring og det nyeste innen teknologi","robots":{"index":"index","follow":"follow","max-snippet":"max-snippet:-1","max-image-preview":"max-image-preview:large","max-video-preview":"max-video-preview:-1"},"canonical":"https:\/\/www.greenhatpeople.com\/no\/seminarer\/","og_locale":"nb_NO","og_type":"article","og_title":"Seminarer - Green Hat People - Onboarding & Endring av kultur","og_description":"Vi hjelper kunder med \u00e5 kommunisere med ansatte og kunder p\u00e5 en ny og mer engasjerende m\u00e5te med spillmetodikk, mikrol\u00e6ring og det nyeste innen teknologi","og_url":"https:\/\/www.greenhatpeople.com\/no\/seminarer\/","og_site_name":"Green Hat People","article_modified_time":"2020-04-21T18:36:14+00:00","twitter_card":"summary_large_image","twitter_misc":{"Ansl. lesetid":"1 minutt"},"schema":{"@context":"https:\/\/schema.org","@graph":[{"@type":"WebSite","@id":"https:\/\/www.greenhatpeople.com\/#website","url":"https:\/\/www.greenhatpeople.com\/","name":"Green Hat People","description":"Onboarding Platform","potentialAction":[{"@type":"SearchAction","target":{"@type":"EntryPoint","urlTemplate":"https:\/\/www.greenhatpeople.com\/?s={search_term_string}"},"query-input":"required name=search_term_string"}],"inLanguage":"nb-NO"},{"@type":"WebPage","@id":"https:\/\/www.greenhatpeople.com\/no\/seminarer\/#webpage","url":"https:\/\/www.greenhatpeople.com\/no\/seminarer\/","name":"Seminarer - Green Hat People - Onboarding & Endring av kultur","isPartOf":{"@id":"https:\/\/www.greenhatpeople.com\/#website"},"datePublished":"2018-12-18T10:53:17+00:00","dateModified":"2020-04-21T18:36:14+00:00","description":"Vi hjelper kunder med \u00e5 kommunisere med ansatte og kunder p\u00e5 en ny og mer engasjerende m\u00e5te med spillmetodikk, mikrol\u00e6ring og det nyeste innen teknologi","breadcrumb":{"@id":"https:\/\/www.greenhatpeople.com\/no\/seminarer\/#breadcrumb"},"inLanguage":"nb-NO","potentialAction":[{"@type":"ReadAction","target":["https:\/\/www.greenhatpeople.com\/no\/seminarer\/"]}]},{"@type":"BreadcrumbList","@id":"https:\/\/www.greenhatpeople.com\/no\/seminarer\/#breadcrumb","itemListElement":[{"@type":"ListItem","position":1,"name":"Home","item":"https:\/\/www.greenhatpeople.com\/no\/"},{"@type":"ListItem","position":2,"name":"Seminarer"}]}]}},"_links":{"self":[{"href":"https:\/\/www.greenhatpeople.com\/no\/wp-json\/wp\/v2\/pages\/9758"}],"collection":[{"href":"https:\/\/www.greenhatpeople.com\/no\/wp-json\/wp\/v2\/pages"}],"about":[{"href":"https:\/\/www.greenhatpeople.com\/no\/wp-json\/wp\/v2\/types\/page"}],"author":[{"embeddable":true,"href":"https:\/\/www.greenhatpeople.com\/no\/wp-json\/wp\/v2\/users\/1"}],"replies":[{"embeddable":true,"href":"https:\/\/www.greenhatpeople.com\/no\/wp-json\/wp\/v2\/comments?post=9758"}],"version-history":[{"count":12,"href":"https:\/\/www.greenhatpeople.com\/no\/wp-json\/wp\/v2\/pages\/9758\/revisions"}],"predecessor-version":[{"id":19209,"href":"https:\/\/www.greenhatpeople.com\/no\/wp-json\/wp\/v2\/pages\/9758\/revisions\/19209"}],"wp:attachment":[{"href":"https:\/\/www.greenhatpeople.com\/no\/wp-json\/wp\/v2\/media?parent=9758"}],"curies":[{"name":"wp","href":"https:\/\/api.w.org\/{rel}","templated":true}]}}